{"id":742,"date":"2022-06-07T23:12:32","date_gmt":"2022-06-07T22:12:32","guid":{"rendered":"https:\/\/www.drpedrocoelho.com\/?page_id=742"},"modified":"2025-08-31T17:47:12","modified_gmt":"2025-08-31T16:47:12","slug":"faqs-dental-clinic","status":"publish","type":"page","link":"https:\/\/www.drpedrocoelho.com\/en\/faqs-dental-clinic\/","title":{"rendered":"FAQs"},"content":{"rendered":"[vc_row type=&#8221;full_width_background&#8221; full_screen_row_position=&#8221;middle&#8221; column_margin=&#8221;default&#8221; column_direction=&#8221;default&#8221; column_direction_tablet=&#8221;default&#8221; column_direction_phone=&#8221;default&#8221; bg_color=&#8221;#fafafa&#8221; scene_position=&#8221;center&#8221; top_padding=&#8221;115&#8243; bottom_padding=&#8221;160&#8243; top_padding_tablet=&#8221;50&#8243; top_padding_phone=&#8221;50&#8243; text_color=&#8221;dark&#8221; text_align=&#8221;left&#8221; row_border_radius=&#8221;none&#8221; row_border_radius_applies=&#8221;bg&#8221; overflow=&#8221;visible&#8221; advanced_gradient_angle=&#8221;0&#8243; overlay_strength=&#8221;0.3&#8243; gradient_direction=&#8221;left_to_right&#8221; shape_divider_position=&#8221;bottom&#8221; bg_image_animation=&#8221;none&#8221; gradient_type=&#8221;default&#8221; shape_type=&#8221;&#8221;][vc_column column_padding=&#8221;no-extra-padding&#8221; column_padding_tablet=&#8221;inherit&#8221; column_padding_phone=&#8221;inherit&#8221; column_padding_position=&#8221;all&#8221; left_margin=&#8221;auto&#8221; constrain_group_2=&#8221;yes&#8221; right_margin=&#8221;auto&#8221; column_element_spacing=&#8221;default&#8221; background_color_opacity=&#8221;1&#8243; background_hover_color_opacity=&#8221;1&#8243; column_shadow=&#8221;none&#8221; column_border_radius=&#8221;none&#8221; column_link_target=&#8221;_self&#8221; max_width_desktop=&#8221;724&#8243; column_position=&#8221;default&#8221; advanced_gradient_angle=&#8221;0&#8243; gradient_direction=&#8221;left_to_right&#8221; overlay_strength=&#8221;0.3&#8243; width=&#8221;1\/1&#8243; tablet_width_inherit=&#8221;default&#8221; tablet_text_alignment=&#8221;default&#8221; phone_text_alignment=&#8221;default&#8221; animation_type=&#8221;default&#8221; bg_image_animation=&#8221;none&#8221; border_type=&#8221;simple&#8221; column_border_width=&#8221;none&#8221; column_border_style=&#8221;solid&#8221; gradient_type=&#8221;default&#8221;][vc_custom_heading text=&#8221;FAQs&#8221; font_container=&#8221;tag:h1|text_align:center|color:%23092267&#8243; use_theme_fonts=&#8221;yes&#8221; css=&#8221;.vc_custom_1746285816214{margin-bottom: 40px !important;}&#8221; el_class=&#8221;mobile-text-left&#8221;][toggles style=&#8221;default&#8221;][toggle color=&#8221;Default&#8221; heading_tag=&#8221;default&#8221; title=&#8221;Vou sentir dor?&#8221;][vc_column_text]<span style=\"font-weight: 400;\">N\u00e3o sentir\u00e1 qualquer dor ou desconforto durante a coloca\u00e7\u00e3o dos implantes. Estar\u00e1 devidamente anestesiado\/a e medicado\/a para fazer o procedimento com todo o conforto poss\u00edvel. Tamb\u00e9m n\u00e3o \u00e9 habitual os nossos pacientes referirem terem dores nos dias ap\u00f3s a cirurgia.<\/span>[\/vc_column_text][\/toggle][toggle color=&#8221;Default&#8221; heading_tag=&#8221;default&#8221; title=&#8221;\u00c9 anestesia geral?&#8221;][vc_column_text]<span style=\"font-weight: 400;\">N\u00e3o. Habitualmente usamos anestesia local. Em pacientes mais ansiosos\u00a0 recorremos a uma prepara\u00e7\u00e3o pr\u00e9via para a cirurgia com recurso a t\u00e9cnicas de Hipnose e Psicoterapia, para maior conforto dos nossos pacientes.\u00a0<\/span>[\/vc_column_text][\/toggle][toggle color=&#8221;Default&#8221; heading_tag=&#8221;default&#8221; title=&#8221;Sou diab\u00e9tico. Posso fazer o procedimento?&#8221;][vc_column_text]<span style=\"font-weight: 400;\">Sim. Sabemos que uma pessoa com Diabetes descontrolada tem maiores dificuldades de cicatriza\u00e7\u00e3o, no entanto, desde que a Diabetes esteja controlada, pode fazer este procedimento sem problema.\u00a0<\/span><\/p>\n<p><span style=\"font-weight: 400;\">De igual forma, \u00e9 poss\u00edvel que um paciente com doen\u00e7a card\u00edaca possa fazer este procedimento, com o devido acompanhamento m\u00e9dico. <\/span>[\/vc_column_text][\/toggle][toggle color=&#8221;Default&#8221; heading_tag=&#8221;default&#8221; title=&#8221;O meu corpo pode rejeitar o implante?&#8221;][vc_column_text]<span style=\"font-weight: 400;\">O corpo, por si s\u00f3, n\u00e3o rejeitar\u00e1 o implante. A taxa de sucesso deste procedimento ronda os 98%. O implante pode falhar por v\u00e1rias causas durante a cirurgia ou complica\u00e7\u00f5es p\u00f3s-cir\u00fargicas, mas n\u00e3o por rejei\u00e7\u00e3o do corpo.\u00a0<\/span><\/p>\n<p><span style=\"font-weight: 400;\">Nos raros casos em que isto ocorre, substitu\u00edmos o implante sem qualquer encargo adicional para o paciente.\u00a0<\/span>[\/vc_column_text][\/toggle][toggle color=&#8221;Default&#8221; heading_tag=&#8221;default&#8221; title=&#8221;Posso realmente ter dentes fixos no mesmo dia?&#8221;][vc_column_text]<span style=\"font-weight: 400;\">Sim. Na grande maioria dos casos, fazemos coloca\u00e7\u00e3o no pr\u00f3prio dia de dentes fixos aos implantes, a chamada carga imediata. Poder\u00e1 sair da nossa Cl\u00ednica j\u00e1 com um sorriso totalmente transformado em apenas um dia. <\/span><span style=\"font-weight: 400;\"><br \/>\n<\/span><span style=\"font-weight: 400;\"><br \/>\n<\/span><span style=\"font-weight: 400;\">Passados 6 meses, e da total cicatriza\u00e7\u00e3o, voltar\u00e1 para a coloca\u00e7\u00e3o dos dentes\u00a0 finais. <\/span>[\/vc_column_text][\/toggle][toggle color=&#8221;Default&#8221; heading_tag=&#8221;default&#8221; title=&#8221;Fiz um implante noutra cl\u00ednica. Posso continuar o tratamento aqui?&#8221;][vc_column_text]<span style=\"font-weight: 400;\">Sim. No entanto aconselhamos que um tratamento como este deve ser realizado do in\u00edcio ao fim pelo mesmo M\u00e9dico Dentista. Se por algum motivo tal n\u00e3o \u00e9 poss\u00edvel, para que possamos analisar o seu caso, precisamos de saber a refer\u00eancia, a marca e o tamanho do implante que lhe foi colocado. Todas estas indica\u00e7\u00f5es podem ser conseguidas junto do M\u00e9dico Dentista que lhe efetuou a primeira cirurgia.<\/span>[\/vc_column_text][\/toggle][toggle color=&#8221;Default&#8221; heading_tag=&#8221;default&#8221; title=&#8221;Gostava de avan\u00e7ar. Disponibilizam facilidades de pagamento?&#8221;][vc_column_text]<span style=\"font-weight: 400;\">Temos v\u00e1rias modalidades de pagamento, a combinar com o paciente, incluindo pagamento faseado em 24 ou 36 meses.\u00a0<\/span>[\/vc_column_text][\/toggle][\/toggles][\/vc_column][\/vc_row]\n","protected":false},"excerpt":{"rendered":"<p>[vc_row type=&#8221;full_width_background&#8221; full_screen_row_position=&#8221;middle&#8221; column_margin=&#8221;default&#8221; column_direction=&#8221;default&#8221; column_direction_tablet=&#8221;default&#8221; column_direction_phone=&#8221;default&#8221; bg_color=&#8221;#fafafa&#8221; scene_position=&#8221;center&#8221; top_padding=&#8221;115&#8243; bottom_padding=&#8221;160&#8243; top_padding_tablet=&#8221;50&#8243; top_padding_phone=&#8221;50&#8243; text_color=&#8221;dark&#8221; text_align=&#8221;left&#8221; row_border_radius=&#8221;none&#8221; row_border_radius_applies=&#8221;bg&#8221; overflow=&#8221;visible&#8221; advanced_gradient_angle=&#8221;0&#8243; overlay_strength=&#8221;0.3&#8243; gradient_direction=&#8221;left_to_right&#8221; shape_divider_position=&#8221;bottom&#8221; bg_image_animation=&#8221;none&#8221; gradient_type=&#8221;default&#8221; shape_type=&#8221;&#8221;][vc_column column_padding=&#8221;no-extra-padding&#8221; column_padding_tablet=&#8221;inherit&#8221; column_padding_phone=&#8221;inherit&#8221; column_padding_position=&#8221;all&#8221; left_margin=&#8221;auto&#8221;&#8230;<\/p>\n","protected":false},"author":1,"featured_media":0,"parent":0,"menu_order":0,"comment_status":"closed","ping_status":"closed","template":"","meta":{"inline_featured_image":false,"_joinchat":[],"footnotes":""},"class_list":["post-742","page","type-page","status-publish"],"yoast_head":"<!-- This site is optimized with the Yoast SEO plugin v27.3 - https:\/\/yoast.com\/product\/yoast-seo-wordpress\/ -->\n<title>FAQs | Dr. Pedro Coelho Dental Clinic<\/title>\n<meta name=\"description\" content=\"Discover answers to frequently asked questions about dental treatments, procedures, and aftercare at Dr. Pedro Coelho\u2019s clinic in Lisbon.\" \/>\n<meta name=\"robots\" content=\"index, follow, max-snippet:-1, max-image-preview:large, max-video-preview:-1\" \/>\n<link rel=\"canonical\" href=\"https:\/\/www.drpedrocoelho.com\/perguntas-frequentes\/\" \/>\n<meta property=\"og:locale\" content=\"en_US\" \/>\n<meta property=\"og:type\" content=\"article\" \/>\n<meta property=\"og:title\" content=\"FAQs | Dr. Pedro Coelho Dental Clinic\" \/>\n<meta property=\"og:description\" content=\"Discover answers to frequently asked questions about dental treatments, procedures, and aftercare at Dr. Pedro Coelho\u2019s clinic in Lisbon.\" \/>\n<meta property=\"og:url\" content=\"https:\/\/www.drpedrocoelho.com\/perguntas-frequentes\/\" \/>\n<meta property=\"og:site_name\" content=\"Dr. Pedro Coelho\" \/>\n<meta property=\"article:publisher\" content=\"https:\/\/www.facebook.com\/pedro.coelho.779857\" \/>\n<meta property=\"article:modified_time\" content=\"2025-08-31T16:47:12+00:00\" \/>\n<meta name=\"twitter:card\" content=\"summary_large_image\" \/>\n<meta name=\"twitter:label1\" content=\"Est. reading time\" \/>\n\t<meta name=\"twitter:data1\" content=\"3 minutes\" \/>\n<script type=\"application\/ld+json\" class=\"yoast-schema-graph\">{\"@context\":\"https:\\\/\\\/schema.org\",\"@graph\":[{\"@type\":\"WebPage\",\"@id\":\"https:\\\/\\\/www.drpedrocoelho.com\\\/perguntas-frequentes\\\/\",\"url\":\"https:\\\/\\\/www.drpedrocoelho.com\\\/perguntas-frequentes\\\/\",\"name\":\"FAQs | Dr. Pedro Coelho Dental Clinic\",\"isPartOf\":{\"@id\":\"https:\\\/\\\/www.drpedrocoelho.com\\\/#website\"},\"datePublished\":\"2022-06-07T22:12:32+00:00\",\"dateModified\":\"2025-08-31T16:47:12+00:00\",\"description\":\"Discover answers to frequently asked questions about dental treatments, procedures, and aftercare at Dr. Pedro Coelho\u2019s clinic in Lisbon.\",\"breadcrumb\":{\"@id\":\"https:\\\/\\\/www.drpedrocoelho.com\\\/perguntas-frequentes\\\/#breadcrumb\"},\"inLanguage\":\"en-US\",\"potentialAction\":[{\"@type\":\"ReadAction\",\"target\":[\"https:\\\/\\\/www.drpedrocoelho.com\\\/perguntas-frequentes\\\/\"]}]},{\"@type\":\"BreadcrumbList\",\"@id\":\"https:\\\/\\\/www.drpedrocoelho.com\\\/perguntas-frequentes\\\/#breadcrumb\",\"itemListElement\":[{\"@type\":\"ListItem\",\"position\":1,\"name\":\"In\u00edcio\",\"item\":\"https:\\\/\\\/www.drpedrocoelho.com\\\/\"},{\"@type\":\"ListItem\",\"position\":2,\"name\":\"FAQs\"}]},{\"@type\":\"WebSite\",\"@id\":\"https:\\\/\\\/www.drpedrocoelho.com\\\/#website\",\"url\":\"https:\\\/\\\/www.drpedrocoelho.com\\\/\",\"name\":\"Dr. Pedro Coelho\",\"description\":\"Clinica Odontol\u00f3gica em Lisboa\",\"publisher\":{\"@id\":\"https:\\\/\\\/www.drpedrocoelho.com\\\/#organization\"},\"potentialAction\":[{\"@type\":\"SearchAction\",\"target\":{\"@type\":\"EntryPoint\",\"urlTemplate\":\"https:\\\/\\\/www.drpedrocoelho.com\\\/?s={search_term_string}\"},\"query-input\":{\"@type\":\"PropertyValueSpecification\",\"valueRequired\":true,\"valueName\":\"search_term_string\"}}],\"inLanguage\":\"en-US\"},{\"@type\":\"Organization\",\"@id\":\"https:\\\/\\\/www.drpedrocoelho.com\\\/#organization\",\"name\":\"Dr. Pedro Coelho\",\"url\":\"https:\\\/\\\/www.drpedrocoelho.com\\\/\",\"logo\":{\"@type\":\"ImageObject\",\"inLanguage\":\"en-US\",\"@id\":\"https:\\\/\\\/www.drpedrocoelho.com\\\/#\\\/schema\\\/logo\\\/image\\\/\",\"url\":\"https:\\\/\\\/www.drpedrocoelho.com\\\/wp-content\\\/uploads\\\/2025\\\/11\\\/logo-pedro-coelho_azul.png\",\"contentUrl\":\"https:\\\/\\\/www.drpedrocoelho.com\\\/wp-content\\\/uploads\\\/2025\\\/11\\\/logo-pedro-coelho_azul.png\",\"width\":420,\"height\":92,\"caption\":\"Dr. Pedro Coelho\"},\"image\":{\"@id\":\"https:\\\/\\\/www.drpedrocoelho.com\\\/#\\\/schema\\\/logo\\\/image\\\/\"},\"sameAs\":[\"https:\\\/\\\/www.facebook.com\\\/pedro.coelho.779857\",\"https:\\\/\\\/www.instagram.com\\\/clinicadrpedrocoelho\"]}]}<\/script>\n<!-- \/ Yoast SEO plugin. -->","yoast_head_json":{"title":"FAQs | Dr. Pedro Coelho Dental Clinic","description":"Discover answers to frequently asked questions about dental treatments, procedures, and aftercare at Dr. Pedro Coelho\u2019s clinic in Lisbon.","robots":{"index":"index","follow":"follow","max-snippet":"max-snippet:-1","max-image-preview":"max-image-preview:large","max-video-preview":"max-video-preview:-1"},"canonical":"https:\/\/www.drpedrocoelho.com\/perguntas-frequentes\/","og_locale":"en_US","og_type":"article","og_title":"FAQs | Dr. Pedro Coelho Dental Clinic","og_description":"Discover answers to frequently asked questions about dental treatments, procedures, and aftercare at Dr. Pedro Coelho\u2019s clinic in Lisbon.","og_url":"https:\/\/www.drpedrocoelho.com\/perguntas-frequentes\/","og_site_name":"Dr. Pedro Coelho","article_publisher":"https:\/\/www.facebook.com\/pedro.coelho.779857","article_modified_time":"2025-08-31T16:47:12+00:00","twitter_card":"summary_large_image","twitter_misc":{"Est. reading time":"3 minutes"},"schema":{"@context":"https:\/\/schema.org","@graph":[{"@type":"WebPage","@id":"https:\/\/www.drpedrocoelho.com\/perguntas-frequentes\/","url":"https:\/\/www.drpedrocoelho.com\/perguntas-frequentes\/","name":"FAQs | Dr. Pedro Coelho Dental Clinic","isPartOf":{"@id":"https:\/\/www.drpedrocoelho.com\/#website"},"datePublished":"2022-06-07T22:12:32+00:00","dateModified":"2025-08-31T16:47:12+00:00","description":"Discover answers to frequently asked questions about dental treatments, procedures, and aftercare at Dr. Pedro Coelho\u2019s clinic in Lisbon.","breadcrumb":{"@id":"https:\/\/www.drpedrocoelho.com\/perguntas-frequentes\/#breadcrumb"},"inLanguage":"en-US","potentialAction":[{"@type":"ReadAction","target":["https:\/\/www.drpedrocoelho.com\/perguntas-frequentes\/"]}]},{"@type":"BreadcrumbList","@id":"https:\/\/www.drpedrocoelho.com\/perguntas-frequentes\/#breadcrumb","itemListElement":[{"@type":"ListItem","position":1,"name":"In\u00edcio","item":"https:\/\/www.drpedrocoelho.com\/"},{"@type":"ListItem","position":2,"name":"FAQs"}]},{"@type":"WebSite","@id":"https:\/\/www.drpedrocoelho.com\/#website","url":"https:\/\/www.drpedrocoelho.com\/","name":"Dr. Pedro Coelho","description":"Clinica Odontol\u00f3gica em Lisboa","publisher":{"@id":"https:\/\/www.drpedrocoelho.com\/#organization"},"potentialAction":[{"@type":"SearchAction","target":{"@type":"EntryPoint","urlTemplate":"https:\/\/www.drpedrocoelho.com\/?s={search_term_string}"},"query-input":{"@type":"PropertyValueSpecification","valueRequired":true,"valueName":"search_term_string"}}],"inLanguage":"en-US"},{"@type":"Organization","@id":"https:\/\/www.drpedrocoelho.com\/#organization","name":"Dr. Pedro Coelho","url":"https:\/\/www.drpedrocoelho.com\/","logo":{"@type":"ImageObject","inLanguage":"en-US","@id":"https:\/\/www.drpedrocoelho.com\/#\/schema\/logo\/image\/","url":"https:\/\/www.drpedrocoelho.com\/wp-content\/uploads\/2025\/11\/logo-pedro-coelho_azul.png","contentUrl":"https:\/\/www.drpedrocoelho.com\/wp-content\/uploads\/2025\/11\/logo-pedro-coelho_azul.png","width":420,"height":92,"caption":"Dr. Pedro Coelho"},"image":{"@id":"https:\/\/www.drpedrocoelho.com\/#\/schema\/logo\/image\/"},"sameAs":["https:\/\/www.facebook.com\/pedro.coelho.779857","https:\/\/www.instagram.com\/clinicadrpedrocoelho"]}]}},"_links":{"self":[{"href":"https:\/\/www.drpedrocoelho.com\/en\/wp-json\/wp\/v2\/pages\/742","targetHints":{"allow":["GET"]}}],"collection":[{"href":"https:\/\/www.drpedrocoelho.com\/en\/wp-json\/wp\/v2\/pages"}],"about":[{"href":"https:\/\/www.drpedrocoelho.com\/en\/wp-json\/wp\/v2\/types\/page"}],"author":[{"embeddable":true,"href":"https:\/\/www.drpedrocoelho.com\/en\/wp-json\/wp\/v2\/users\/1"}],"replies":[{"embeddable":true,"href":"https:\/\/www.drpedrocoelho.com\/en\/wp-json\/wp\/v2\/comments?post=742"}],"version-history":[{"count":2,"href":"https:\/\/www.drpedrocoelho.com\/en\/wp-json\/wp\/v2\/pages\/742\/revisions"}],"predecessor-version":[{"id":3374,"href":"https:\/\/www.drpedrocoelho.com\/en\/wp-json\/wp\/v2\/pages\/742\/revisions\/3374"}],"wp:attachment":[{"href":"https:\/\/www.drpedrocoelho.com\/en\/wp-json\/wp\/v2\/media?parent=742"}],"curies":[{"name":"wp","href":"https:\/\/api.w.org\/{rel}","templated":true}]}}